{"id":8532,"date":"2022-02-21T09:22:40","date_gmt":"2022-02-21T09:22:40","guid":{"rendered":"https:\/\/string.ro\/en\/?page_id=8532"},"modified":"2025-06-26T17:18:23","modified_gmt":"2025-06-26T17:18:23","slug":"gemu-ball-valves","status":"publish","type":"page","link":"https:\/\/string.ro\/en\/gemu-ball-valves","title":{"rendered":"GEM\u00dc Ball Valves"},"content":{"rendered":"\t\t<div data-elementor-type=\"wp-page\" data-elementor-id=\"8532\" class=\"elementor elementor-8532\" data-elementor-post-type=\"page\">\n\t\t\t\t\t\t<section class=\"elementor-section elementor-top-section elementor-element elementor-element-7b29938 elementor-section-boxed elementor-section-height-default elementor-section-height-default\" data-id=\"7b29938\" data-element_type=\"section\" data-settings=\"{&quot;background_background&quot;:&quot;classic&quot;}\">\n\t\t\t\t\t\t<div class=\"elementor-container elementor-column-gap-default\">\n\t\t\t\t\t<div class=\"elementor-column elementor-col-100 elementor-top-column elementor-element elementor-element-b21f9c4\" data-id=\"b21f9c4\" data-element_type=\"column\">\n\t\t\t<div class=\"elementor-widget-wrap elementor-element-populated\">\n\t\t\t\t\t\t<section class=\"elementor-section elementor-inner-section elementor-element elementor-element-6fd9214 elementor-section-boxed elementor-section-height-default elementor-section-height-default\" data-id=\"6fd9214\" data-element_type=\"section\">\n\t\t\t\t\t\t<div class=\"elementor-container elementor-column-gap-default\">\n\t\t\t\t\t<div class=\"elementor-column elementor-col-100 elementor-inner-column elementor-element elementor-element-ec8e1c6\" data-id=\"ec8e1c6\" data-element_type=\"column\">\n\t\t\t<div class=\"elementor-widget-wrap elementor-element-populated\">\n\t\t\t\t\t\t<div class=\"elementor-element elementor-element-5541eb1 elementor-widget elementor-widget-image\" data-id=\"5541eb1\" data-element_type=\"widget\" data-widget_type=\"image.default\">\n\t\t\t\t<div class=\"elementor-widget-container\">\n\t\t\t\t\t\t\t\t\t\t\t\t\t\t\t<img decoding=\"async\" width=\"100\" height=\"20\" src=\"https:\/\/string.ro\/en\/wp-content\/uploads\/2025\/04\/Group-76-1.png\" class=\"attachment-large size-large wp-image-9905\" alt=\"\" \/>\t\t\t\t\t\t\t\t\t\t\t\t\t\t\t<\/div>\n\t\t\t\t<\/div>\n\t\t\t\t\t<\/div>\n\t\t<\/div>\n\t\t\t\t\t<\/div>\n\t\t<\/section>\n\t\t\t\t<section class=\"elementor-section elementor-inner-section elementor-element elementor-element-de34ef7 elementor-section-boxed elementor-section-height-default elementor-section-height-default\" data-id=\"de34ef7\" data-element_type=\"section\">\n\t\t\t\t\t\t<div class=\"elementor-container elementor-column-gap-default\">\n\t\t\t\t\t<div class=\"elementor-column elementor-col-100 elementor-inner-column elementor-element elementor-element-760109f\" data-id=\"760109f\" data-element_type=\"column\">\n\t\t\t<div class=\"elementor-widget-wrap elementor-element-populated\">\n\t\t\t\t\t\t<div class=\"elementor-element elementor-element-cb221ac elementor-grid-5 elementor-grid-mobile-2 pp-woo--align-center elementor-grid-tablet-3 pp-sale-badge-custom elementor-widget elementor-widget-pp-woo-products\" data-id=\"cb221ac\" data-element_type=\"widget\" data-settings=\"{&quot;products_columns&quot;:&quot;5&quot;,&quot;products_columns_mobile&quot;:&quot;2&quot;,&quot;products_columns_tablet&quot;:&quot;3&quot;}\" data-widget_type=\"pp-woo-products.skin-1\">\n\t\t\t\t<div class=\"elementor-widget-container\">\n\t\t\t\t\t<div class=\"pp-woocommerce pp-woo-products-grid pp-woo-skin-skin-1 pp-woo-query-custom\" data-page=\"8532\" data-skin=\"skin-1\" data-product-id=\"0\"><div class=\" columns-5 pp-woo-products-inner pp-woo-product__column-5 pp-woo-product__column-tablet-3 pp-woo-product__column-mobile-2\"><ul class=\"products elementor-grid columns-5\">\n<li class=\"elementor-grid-item post-9706 product type-product status-publish has-post-thumbnail product_cat-robineti-cu-bila product_tag-150-b44  instock shipping-taxable purchasable product-type-simple\">\r\n\t<div class=\"pp-woo-product-wrapper\">\r\n\t\t<div class=\"pp-woo-products-thumbnail-wrap\"><div class=\"pp-badge-container pp-left-badge-container\"><\/div><a href=\"https:\/\/string.ro\/en\/produse\/gemu-type-b44-ball-valve-pneumatically-actuated\" class=\"woocommerce-LoopProduct-link woocommerce-loop-product__link\"><img fetchpriority=\"high\" decoding=\"async\" width=\"299\" height=\"288\" src=\"https:\/\/string.ro\/en\/wp-content\/uploads\/2022\/07\/B42.png\" class=\"attachment-woocommerce_thumbnail size-woocommerce_thumbnail\" alt=\"GEM\u00dc Type B44 Ball Valve \u2013 Pneumatically Actuated\" \/><\/a><\/div><div class=\"pp-woo-products-summary-wrap\"><a href=\"https:\/\/string.ro\/en\/produse\/gemu-type-b44-ball-valve-pneumatically-actuated\" class=\"pp-loop-product__link\"><h2 class=\"woocommerce-loop-product__title\">GEM\u00dc Type B44 Ball Valve \u2013 Pneumatically Actuated<\/h2><\/a><\/div>\t<\/div>\r\n<\/li>\r\n<li class=\"elementor-grid-item post-8515 product type-product status-publish has-post-thumbnail product_cat-robineti-cu-bila product_tag-150-768  instock shipping-taxable purchasable product-type-simple\">\r\n\t<div class=\"pp-woo-product-wrapper\">\r\n\t\t<div class=\"pp-woo-products-thumbnail-wrap\"><div class=\"pp-badge-container pp-left-badge-container\"><\/div><a href=\"https:\/\/string.ro\/en\/produse\/gemu-type-768-electrically-actuated-ball-valve\" class=\"woocommerce-LoopProduct-link woocommerce-loop-product__link\"><img decoding=\"async\" width=\"300\" height=\"300\" src=\"https:\/\/string.ro\/en\/wp-content\/uploads\/2022\/02\/768-300x300.png\" class=\"attachment-woocommerce_thumbnail size-woocommerce_thumbnail\" alt=\"GEM\u00dc Type 768 Electrically Actuated Ball Valve\" srcset=\"https:\/\/string.ro\/en\/wp-content\/uploads\/2022\/02\/768-300x300.png 300w, https:\/\/string.ro\/en\/wp-content\/uploads\/2022\/02\/768-100x100.png 100w\" sizes=\"(max-width: 300px) 100vw, 300px\" \/><\/a><\/div><div class=\"pp-woo-products-summary-wrap\"><a href=\"https:\/\/string.ro\/en\/produse\/gemu-type-768-electrically-actuated-ball-valve\" class=\"pp-loop-product__link\"><h2 class=\"woocommerce-loop-product__title\">GEM\u00dc Type 768 Electrically Actuated Ball Valve<\/h2><\/a><\/div>\t<\/div>\r\n<\/li>\r\n<li class=\"elementor-grid-item post-8513 product type-product status-publish has-post-thumbnail product_cat-robineti-cu-bila product_tag-150-761 first instock shipping-taxable purchasable product-type-simple\">\r\n\t<div class=\"pp-woo-product-wrapper\">\r\n\t\t<div class=\"pp-woo-products-thumbnail-wrap\"><div class=\"pp-badge-container pp-left-badge-container\"><\/div><a href=\"https:\/\/string.ro\/en\/produse\/gemu-type-761-pneumatically-actuated-ball-valve\" class=\"woocommerce-LoopProduct-link woocommerce-loop-product__link\"><img loading=\"lazy\" decoding=\"async\" width=\"300\" height=\"300\" src=\"https:\/\/string.ro\/en\/wp-content\/uploads\/2022\/02\/761-300x300.png\" class=\"attachment-woocommerce_thumbnail size-woocommerce_thumbnail\" alt=\"GEM\u00dc Type 761 Pneumatically Actuated Ball Valve\" srcset=\"https:\/\/string.ro\/en\/wp-content\/uploads\/2022\/02\/761-300x300.png 300w, https:\/\/string.ro\/en\/wp-content\/uploads\/2022\/02\/761-100x100.png 100w\" sizes=\"(max-width: 300px) 100vw, 300px\" \/><\/a><\/div><div class=\"pp-woo-products-summary-wrap\"><a href=\"https:\/\/string.ro\/en\/produse\/gemu-type-761-pneumatically-actuated-ball-valve\" class=\"pp-loop-product__link\"><h2 class=\"woocommerce-loop-product__title\">GEM\u00dc Type 761 Pneumatically Actuated Ball Valve<\/h2><\/a><\/div>\t<\/div>\r\n<\/li>\r\n<li class=\"elementor-grid-item post-8511 product type-product status-publish has-post-thumbnail product_cat-robineti-cu-bila product_tag-150-762  instock shipping-taxable purchasable product-type-simple\">\r\n\t<div class=\"pp-woo-product-wrapper\">\r\n\t\t<div class=\"pp-woo-products-thumbnail-wrap\"><div class=\"pp-badge-container pp-left-badge-container\"><\/div><a href=\"https:\/\/string.ro\/en\/produse\/robinet-tip-762-2\" class=\"woocommerce-LoopProduct-link woocommerce-loop-product__link\"><img loading=\"lazy\" decoding=\"async\" width=\"300\" height=\"300\" src=\"https:\/\/string.ro\/en\/wp-content\/uploads\/2022\/02\/762-300x300.png\" class=\"attachment-woocommerce_thumbnail size-woocommerce_thumbnail\" alt=\"Robinet GEM\u00dc tip 762\" srcset=\"https:\/\/string.ro\/en\/wp-content\/uploads\/2022\/02\/762-300x300.png 300w, https:\/\/string.ro\/en\/wp-content\/uploads\/2022\/02\/762-100x100.png 100w\" sizes=\"(max-width: 300px) 100vw, 300px\" \/><\/a><\/div><div class=\"pp-woo-products-summary-wrap\"><a href=\"https:\/\/string.ro\/en\/produse\/robinet-tip-762-2\" class=\"pp-loop-product__link\"><h2 class=\"woocommerce-loop-product__title\">Robinet GEM\u00dc tip 762<\/h2><\/a><\/div>\t<\/div>\r\n<\/li>\r\n<li class=\"elementor-grid-item post-8509 product type-product status-publish has-post-thumbnail product_cat-robineti-cu-bila product_tag-150-b56 last instock shipping-taxable purchasable product-type-simple\">\r\n\t<div class=\"pp-woo-product-wrapper\">\r\n\t\t<div class=\"pp-woo-products-thumbnail-wrap\"><div class=\"pp-badge-container pp-left-badge-container\"><\/div><a href=\"https:\/\/string.ro\/en\/produse\/gemu-type-b56-electrically-actuated-ball-valve\" class=\"woocommerce-LoopProduct-link woocommerce-loop-product__link\"><img loading=\"lazy\" decoding=\"async\" width=\"300\" height=\"300\" src=\"https:\/\/string.ro\/en\/wp-content\/uploads\/2022\/02\/B56-300x300.png\" class=\"attachment-woocommerce_thumbnail size-woocommerce_thumbnail\" alt=\"GEM\u00dc Type B56 Electrically Actuated Ball Valve\" srcset=\"https:\/\/string.ro\/en\/wp-content\/uploads\/2022\/02\/B56-300x300.png 300w, https:\/\/string.ro\/en\/wp-content\/uploads\/2022\/02\/B56-100x100.png 100w\" sizes=\"(max-width: 300px) 100vw, 300px\" \/><\/a><\/div><div class=\"pp-woo-products-summary-wrap\"><a href=\"https:\/\/string.ro\/en\/produse\/gemu-type-b56-electrically-actuated-ball-valve\" class=\"pp-loop-product__link\"><h2 class=\"woocommerce-loop-product__title\">GEM\u00dc Type B56 Electrically Actuated Ball Valve<\/h2><\/a><\/div>\t<\/div>\r\n<\/li>\r\n<li class=\"elementor-grid-item post-8507 product type-product status-publish has-post-thumbnail product_cat-robineti-cu-bila product_tag-150-b46  instock shipping-taxable purchasable product-type-simple\">\r\n\t<div class=\"pp-woo-product-wrapper\">\r\n\t\t<div class=\"pp-woo-products-thumbnail-wrap\"><div class=\"pp-badge-container pp-left-badge-container\"><\/div><a href=\"https:\/\/string.ro\/en\/produse\/gemu-type-b46-pneumatically-actuated-ball-valve\" class=\"woocommerce-LoopProduct-link woocommerce-loop-product__link\"><img loading=\"lazy\" decoding=\"async\" width=\"300\" height=\"300\" src=\"https:\/\/string.ro\/en\/wp-content\/uploads\/2022\/02\/B46-300x300.png\" class=\"attachment-woocommerce_thumbnail size-woocommerce_thumbnail\" alt=\"GEM\u00dc Type B46 Pneumatically Actuated Ball Valve\" srcset=\"https:\/\/string.ro\/en\/wp-content\/uploads\/2022\/02\/B46-300x300.png 300w, https:\/\/string.ro\/en\/wp-content\/uploads\/2022\/02\/B46-100x100.png 100w\" sizes=\"(max-width: 300px) 100vw, 300px\" \/><\/a><\/div><div class=\"pp-woo-products-summary-wrap\"><a href=\"https:\/\/string.ro\/en\/produse\/gemu-type-b46-pneumatically-actuated-ball-valve\" class=\"pp-loop-product__link\"><h2 class=\"woocommerce-loop-product__title\">GEM\u00dc Type B46 Pneumatically Actuated Ball Valve<\/h2><\/a><\/div>\t<\/div>\r\n<\/li>\r\n<li class=\"elementor-grid-item post-8503 product type-product status-publish has-post-thumbnail product_cat-robineti-cu-bila product_tag-150-b26  instock shipping-taxable purchasable product-type-simple\">\r\n\t<div class=\"pp-woo-product-wrapper\">\r\n\t\t<div class=\"pp-woo-products-thumbnail-wrap\"><div class=\"pp-badge-container pp-left-badge-container\"><\/div><a href=\"https:\/\/string.ro\/en\/produse\/gemu-type-b26-manually-operated-ball-valve\" class=\"woocommerce-LoopProduct-link woocommerce-loop-product__link\"><img loading=\"lazy\" decoding=\"async\" width=\"300\" height=\"300\" src=\"https:\/\/string.ro\/en\/wp-content\/uploads\/2022\/02\/B26-1-300x300.png\" class=\"attachment-woocommerce_thumbnail size-woocommerce_thumbnail\" alt=\"GEM\u00dc Type B26 Manually Operated Ball Valve\" srcset=\"https:\/\/string.ro\/en\/wp-content\/uploads\/2022\/02\/B26-1-300x300.png 300w, https:\/\/string.ro\/en\/wp-content\/uploads\/2022\/02\/B26-1-100x100.png 100w\" sizes=\"(max-width: 300px) 100vw, 300px\" \/><\/a><\/div><div class=\"pp-woo-products-summary-wrap\"><a href=\"https:\/\/string.ro\/en\/produse\/gemu-type-b26-manually-operated-ball-valve\" class=\"pp-loop-product__link\"><h2 class=\"woocommerce-loop-product__title\">GEM\u00dc Type B26 Manually Operated Ball Valve<\/h2><\/a><\/div>\t<\/div>\r\n<\/li>\r\n<li class=\"elementor-grid-item post-8501 product type-product status-publish has-post-thumbnail product_cat-robineti-cu-bila product_tag-150-b22 first instock shipping-taxable purchasable product-type-simple\">\r\n\t<div class=\"pp-woo-product-wrapper\">\r\n\t\t<div class=\"pp-woo-products-thumbnail-wrap\"><div class=\"pp-badge-container pp-left-badge-container\"><\/div><a href=\"https:\/\/string.ro\/en\/produse\/gemu-type-b22-manually-operated-ball-valve\" class=\"woocommerce-LoopProduct-link woocommerce-loop-product__link\"><img loading=\"lazy\" decoding=\"async\" width=\"155\" height=\"124\" src=\"https:\/\/string.ro\/en\/wp-content\/uploads\/2022\/02\/B22.png\" class=\"attachment-woocommerce_thumbnail size-woocommerce_thumbnail\" alt=\"GEM\u00dc Type B22 Manually Operated Ball Valve\" \/><\/a><\/div><div class=\"pp-woo-products-summary-wrap\"><a href=\"https:\/\/string.ro\/en\/produse\/gemu-type-b22-manually-operated-ball-valve\" class=\"pp-loop-product__link\"><h2 class=\"woocommerce-loop-product__title\">GEM\u00dc Type B22 Manually Operated Ball Valve<\/h2><\/a><\/div>\t<\/div>\r\n<\/li>\r\n<li class=\"elementor-grid-item post-8499 product type-product status-publish has-post-thumbnail product_cat-robineti-cu-bila product_tag-150-b20  instock shipping-taxable purchasable product-type-simple\">\r\n\t<div class=\"pp-woo-product-wrapper\">\r\n\t\t<div class=\"pp-woo-products-thumbnail-wrap\"><div class=\"pp-badge-container pp-left-badge-container\"><\/div><a href=\"https:\/\/string.ro\/en\/produse\/ball-valve-gemu-type-b20-with-manual-actuation\" class=\"woocommerce-LoopProduct-link woocommerce-loop-product__link\"><img loading=\"lazy\" decoding=\"async\" width=\"161\" height=\"111\" src=\"https:\/\/string.ro\/en\/wp-content\/uploads\/2022\/02\/B20.png\" class=\"attachment-woocommerce_thumbnail size-woocommerce_thumbnail\" alt=\"Ball Valve GEM\u00dc Type B20 with Manual Actuation\" \/><\/a><\/div><div class=\"pp-woo-products-summary-wrap\"><a href=\"https:\/\/string.ro\/en\/produse\/ball-valve-gemu-type-b20-with-manual-actuation\" class=\"pp-loop-product__link\"><h2 class=\"woocommerce-loop-product__title\">Ball Valve GEM\u00dc Type B20 with Manual Actuation<\/h2><\/a><\/div>\t<\/div>\r\n<\/li>\r\n<li class=\"elementor-grid-item post-8398 product type-product status-publish has-post-thumbnail product_cat-robineti-cu-bila product_tag-150-b54 last instock shipping-taxable purchasable product-type-simple\">\r\n\t<div class=\"pp-woo-product-wrapper\">\r\n\t\t<div class=\"pp-woo-products-thumbnail-wrap\"><div class=\"pp-badge-container pp-left-badge-container\"><\/div><a href=\"https:\/\/string.ro\/en\/produse\/ball-valve-gemu-type-b54-with-electric-actuation\" class=\"woocommerce-LoopProduct-link woocommerce-loop-product__link\"><img loading=\"lazy\" decoding=\"async\" width=\"300\" height=\"300\" src=\"https:\/\/string.ro\/en\/wp-content\/uploads\/2022\/02\/B54-300x300.png\" class=\"attachment-woocommerce_thumbnail size-woocommerce_thumbnail\" alt=\"Ball Valve GEM\u00dc Type B54 with Electric Actuation\" srcset=\"https:\/\/string.ro\/en\/wp-content\/uploads\/2022\/02\/B54-300x300.png 300w, https:\/\/string.ro\/en\/wp-content\/uploads\/2022\/02\/B54-100x100.png 100w\" sizes=\"(max-width: 300px) 100vw, 300px\" \/><\/a><\/div><div class=\"pp-woo-products-summary-wrap\"><a href=\"https:\/\/string.ro\/en\/produse\/ball-valve-gemu-type-b54-with-electric-actuation\" class=\"pp-loop-product__link\"><h2 class=\"woocommerce-loop-product__title\">Ball Valve GEM\u00dc Type B54 with Electric Actuation<\/h2><\/a><\/div>\t<\/div>\r\n<\/li>\r\n<li class=\"elementor-grid-item post-8396 product type-product status-publish has-post-thumbnail product_cat-robineti-cu-bila product_tag-150-b44  instock shipping-taxable purchasable product-type-simple\">\r\n\t<div class=\"pp-woo-product-wrapper\">\r\n\t\t<div class=\"pp-woo-products-thumbnail-wrap\"><div class=\"pp-badge-container pp-left-badge-container\"><\/div><a href=\"https:\/\/string.ro\/en\/produse\/ball-valve-gemu-type-b44-with-manual-pneumatic-actuation\" class=\"woocommerce-LoopProduct-link woocommerce-loop-product__link\"><img loading=\"lazy\" decoding=\"async\" width=\"300\" height=\"300\" src=\"https:\/\/string.ro\/en\/wp-content\/uploads\/2022\/02\/B44-300x300.png\" class=\"attachment-woocommerce_thumbnail size-woocommerce_thumbnail\" alt=\"Ball Valve GEM\u00dc Type B44 with Manual Pneumatic Actuation\" srcset=\"https:\/\/string.ro\/en\/wp-content\/uploads\/2022\/02\/B44-300x300.png 300w, https:\/\/string.ro\/en\/wp-content\/uploads\/2022\/02\/B44-100x100.png 100w\" sizes=\"(max-width: 300px) 100vw, 300px\" \/><\/a><\/div><div class=\"pp-woo-products-summary-wrap\"><a href=\"https:\/\/string.ro\/en\/produse\/ball-valve-gemu-type-b44-with-manual-pneumatic-actuation\" class=\"pp-loop-product__link\"><h2 class=\"woocommerce-loop-product__title\">Ball Valve GEM\u00dc Type B44 with Manual Pneumatic Actuation<\/h2><\/a><\/div>\t<\/div>\r\n<\/li>\r\n<li class=\"elementor-grid-item post-6724 product type-product status-publish has-post-thumbnail product_cat-robineti-cu-bila product_tag-150-717  instock shipping-taxable purchasable product-type-simple\">\r\n\t<div class=\"pp-woo-product-wrapper\">\r\n\t\t<div class=\"pp-woo-products-thumbnail-wrap\"><div class=\"pp-badge-container pp-left-badge-container\"><\/div><a href=\"https:\/\/string.ro\/en\/produse\/ball-valve-gemu-type-717-with-manual-actuation\" class=\"woocommerce-LoopProduct-link woocommerce-loop-product__link\"><img loading=\"lazy\" decoding=\"async\" width=\"300\" height=\"300\" src=\"https:\/\/string.ro\/en\/wp-content\/uploads\/2021\/11\/717-300x300.png\" class=\"attachment-woocommerce_thumbnail size-woocommerce_thumbnail\" alt=\"Ball Valve GEM\u00dc Type 717 with Manual Actuation\" srcset=\"https:\/\/string.ro\/en\/wp-content\/uploads\/2021\/11\/717-300x300.png 300w, https:\/\/string.ro\/en\/wp-content\/uploads\/2021\/11\/717-100x100.png 100w\" sizes=\"(max-width: 300px) 100vw, 300px\" \/><\/a><\/div><div class=\"pp-woo-products-summary-wrap\"><a href=\"https:\/\/string.ro\/en\/produse\/ball-valve-gemu-type-717-with-manual-actuation\" class=\"pp-loop-product__link\"><h2 class=\"woocommerce-loop-product__title\">Ball Valve GEM\u00dc Type 717 with Manual Actuation<\/h2><\/a><\/div>\t<\/div>\r\n<\/li>\r\n<li class=\"elementor-grid-item post-6722 product type-product status-publish has-post-thumbnail product_cat-robineti-cu-bila product_tag-150-710 first instock shipping-taxable purchasable product-type-simple\">\r\n\t<div class=\"pp-woo-product-wrapper\">\r\n\t\t<div class=\"pp-woo-products-thumbnail-wrap\"><div class=\"pp-badge-container pp-left-badge-container\"><\/div><a href=\"https:\/\/string.ro\/en\/produse\/robinet-tip-710-3\" class=\"woocommerce-LoopProduct-link woocommerce-loop-product__link\"><img loading=\"lazy\" decoding=\"async\" width=\"300\" height=\"300\" src=\"https:\/\/string.ro\/en\/wp-content\/uploads\/2021\/11\/710-300x300.png\" class=\"attachment-woocommerce_thumbnail size-woocommerce_thumbnail\" alt=\"Robinet GEM\u00dc tip 710\" srcset=\"https:\/\/string.ro\/en\/wp-content\/uploads\/2021\/11\/710-300x300.png 300w, https:\/\/string.ro\/en\/wp-content\/uploads\/2021\/11\/710-100x100.png 100w\" sizes=\"(max-width: 300px) 100vw, 300px\" \/><\/a><\/div><div class=\"pp-woo-products-summary-wrap\"><a href=\"https:\/\/string.ro\/en\/produse\/robinet-tip-710-3\" class=\"pp-loop-product__link\"><h2 class=\"woocommerce-loop-product__title\">Robinet GEM\u00dc tip 710<\/h2><\/a><\/div>\t<\/div>\r\n<\/li>\r\n<li class=\"elementor-grid-item post-6720 product type-product status-publish has-post-thumbnail product_cat-robineti-cu-bila product_tag-150-723  instock shipping-taxable purchasable product-type-simple\">\r\n\t<div class=\"pp-woo-product-wrapper\">\r\n\t\t<div class=\"pp-woo-products-thumbnail-wrap\"><div class=\"pp-badge-container pp-left-badge-container\"><\/div><a href=\"https:\/\/string.ro\/en\/produse\/ball-valve-gemu-type-723-with-electric-actuation\" class=\"woocommerce-LoopProduct-link woocommerce-loop-product__link\"><img loading=\"lazy\" decoding=\"async\" width=\"300\" height=\"300\" src=\"https:\/\/string.ro\/en\/wp-content\/uploads\/2021\/11\/723-300x300.png\" class=\"attachment-woocommerce_thumbnail size-woocommerce_thumbnail\" alt=\"Ball Valve GEM\u00dc Type 723 with Electric Actuation\" srcset=\"https:\/\/string.ro\/en\/wp-content\/uploads\/2021\/11\/723-300x300.png 300w, https:\/\/string.ro\/en\/wp-content\/uploads\/2021\/11\/723-100x100.png 100w\" sizes=\"(max-width: 300px) 100vw, 300px\" \/><\/a><\/div><div class=\"pp-woo-products-summary-wrap\"><a href=\"https:\/\/string.ro\/en\/produse\/ball-valve-gemu-type-723-with-electric-actuation\" class=\"pp-loop-product__link\"><h2 class=\"woocommerce-loop-product__title\">Ball Valve GEM\u00dc Type 723 with Electric Actuation<\/h2><\/a><\/div>\t<\/div>\r\n<\/li>\r\n<li class=\"elementor-grid-item post-6457 product type-product status-publish has-post-thumbnail product_cat-robineti-cu-bila product_tag-150-b24 last instock shipping-taxable purchasable product-type-simple\">\r\n\t<div class=\"pp-woo-product-wrapper\">\r\n\t\t<div class=\"pp-woo-products-thumbnail-wrap\"><div class=\"pp-badge-container pp-left-badge-container\"><\/div><a href=\"https:\/\/string.ro\/en\/produse\/ball-valve-gemu-type-b24-with-manual-actuation\" class=\"woocommerce-LoopProduct-link woocommerce-loop-product__link\"><img loading=\"lazy\" decoding=\"async\" width=\"300\" height=\"290\" src=\"https:\/\/string.ro\/en\/wp-content\/uploads\/2021\/11\/B24-300x290.png\" class=\"attachment-woocommerce_thumbnail size-woocommerce_thumbnail\" alt=\"Ball Valve GEM\u00dc Type B24 with Manual Actuation\" \/><\/a><\/div><div class=\"pp-woo-products-summary-wrap\"><a href=\"https:\/\/string.ro\/en\/produse\/ball-valve-gemu-type-b24-with-manual-actuation\" class=\"pp-loop-product__link\"><h2 class=\"woocommerce-loop-product__title\">Ball Valve GEM\u00dc Type B24 with Manual Actuation<\/h2><\/a><\/div>\t<\/div>\r\n<\/li>\r\n<\/ul>\n<\/div><\/div>\t\t\t\t<\/div>\n\t\t\t\t<\/div>\n\t\t\t\t\t<\/div>\n\t\t<\/div>\n\t\t\t\t\t<\/div>\n\t\t<\/section>\n\t\t\t\t\t<\/div>\n\t\t<\/div>\n\t\t\t\t\t<\/div>\n\t\t<\/section>\n\t\t\t\t<\/div>\n\t\t","protected":false},"excerpt":{"rendered":"<p>Robinet GEM\u00dc tip B42 Robinet GEM\u00dc tip 768 Robinet GEM\u00dc tip 761 Robinet GEM\u00dc tip 762 Robinet GEM\u00dc tip B56 Robinet GEM\u00dc tip B46 Robinet GEM\u00dc tip B26 Robinet GEM\u00dc tip B22 Robinet GEM\u00dc tip B20 Robinet GEM\u00dc tip B54 Robinet GEM\u00dc tip B44 Robinet GEM\u00dc tip 717 Robinet GEM\u00dc tip 710 Robinet GEM\u00dc tip [&hellip;]<\/p>\n","protected":false},"author":1,"featured_media":0,"parent":0,"menu_order":0,"comment_status":"closed","ping_status":"closed","template":"","meta":{"footnotes":""},"class_list":["post-8532","page","type-page","status-publish","hentry"],"_links":{"self":[{"href":"https:\/\/string.ro\/en\/wp-json\/wp\/v2\/pages\/8532","targetHints":{"allow":["GET"]}}],"collection":[{"href":"https:\/\/string.ro\/en\/wp-json\/wp\/v2\/pages"}],"about":[{"href":"https:\/\/string.ro\/en\/wp-json\/wp\/v2\/types\/page"}],"author":[{"embeddable":true,"href":"https:\/\/string.ro\/en\/wp-json\/wp\/v2\/users\/1"}],"replies":[{"embeddable":true,"href":"https:\/\/string.ro\/en\/wp-json\/wp\/v2\/comments?post=8532"}],"version-history":[{"count":15,"href":"https:\/\/string.ro\/en\/wp-json\/wp\/v2\/pages\/8532\/revisions"}],"predecessor-version":[{"id":10859,"href":"https:\/\/string.ro\/en\/wp-json\/wp\/v2\/pages\/8532\/revisions\/10859"}],"wp:attachment":[{"href":"https:\/\/string.ro\/en\/wp-json\/wp\/v2\/media?parent=8532"}],"curies":[{"name":"wp","href":"https:\/\/api.w.org\/{rel}","templated":true}]}}